{"id":1201,"date":"2025-07-09T13:39:27","date_gmt":"2025-07-09T13:39:27","guid":{"rendered":"https:\/\/www.theroofagency.es\/?page_id=1201"},"modified":"2026-03-11T15:56:34","modified_gmt":"2026-03-11T15:56:34","slug":"eventos-corporativos-en-barcelona","status":"publish","type":"page","link":"https:\/\/www.theroofagency.es\/en\/eventos-corporativos-en-barcelona\/","title":{"rendered":"Corporate Events in Barcelona"},"content":{"rendered":"<div data-elementor-type=\"wp-page\" data-elementor-id=\"1201\" class=\"elementor elementor-1201\">\n\t\t\t\t<div class=\"elementor-element elementor-element-e9a3e78 e-con-full e-flex e-con e-parent\" data-id=\"e9a3e78\" data-element_type=\"container\" data-e-type=\"container\" data-settings=\"{&quot;background_background&quot;:&quot;classic&quot;}\">\n\t\t\t\t<div class=\"elementor-element elementor-element-955475a elementor-widget elementor-widget-heading\" data-id=\"955475a\" data-element_type=\"widget\" data-e-type=\"widget\" data-widget_type=\"heading.default\">\n\t\t\t\t<div class=\"elementor-widget-container\">\n\t\t\t\t\t<h1 class=\"elementor-heading-title elementor-size-default\">eventos corporativos en barcelona<\/h1>\t\t\t\t<\/div>\n\t\t\t\t<\/div>\n\t\t\t\t<\/div>\n\t\t<div class=\"elementor-element elementor-element-c34512c e-flex e-con-boxed e-con e-parent\" data-id=\"c34512c\" data-element_type=\"container\" data-e-type=\"container\">\n\t\t\t\t\t<div class=\"e-con-inner\">\n\t\t\t\t<div class=\"elementor-element elementor-element-f9576d6 elementor-widget elementor-widget-heading\" data-id=\"f9576d6\" data-element_type=\"widget\" data-e-type=\"widget\" data-widget_type=\"heading.default\">\n\t\t\t\t<div class=\"elementor-widget-container\">\n\t\t\t\t\t<h2 class=\"elementor-heading-title elementor-size-default\">La ciudad perfecta para impulsar tus ideas<\/h2>\t\t\t\t<\/div>\n\t\t\t\t<\/div>\n\t\t\t\t<div class=\"elementor-element elementor-element-b38b000 elementor-widget elementor-widget-text-editor\" data-id=\"b38b000\" data-element_type=\"widget\" data-e-type=\"widget\" data-widget_type=\"text-editor.default\">\n\t\t\t\t<div class=\"elementor-widget-container\">\n\t\t\t\t\t\t\t\t\t<p>Barcelona se ha consolidado como uno de los principales destinos en Europa para la organizaci\u00f3n de eventos corporativos. Su equilibrio entre tradici\u00f3n y vanguardia, su conectividad internacional y una infraestructura pensada para el mundo empresarial hacen de esta ciudad una opci\u00f3n estrat\u00e9gica para cualquier compa\u00f1\u00eda que quiera celebrar un evento memorable. Desde congresos internacionales hasta exclusivas reuniones ejecutivas o viajes de incentivo.<\/p><p><strong data-start=\"958\" data-end=\"1055\">Barcelona ofrece una combinaci\u00f3n \u00fanica de profesionalidad, creatividad y estilo mediterr\u00e1neo.<\/strong><\/p>\t\t\t\t\t\t\t\t<\/div>\n\t\t\t\t<\/div>\n\t\t\t\t<div class=\"elementor-element elementor-element-b3e470e elementor-widget elementor-widget-heading\" data-id=\"b3e470e\" data-element_type=\"widget\" data-e-type=\"widget\" data-widget_type=\"heading.default\">\n\t\t\t\t<div class=\"elementor-widget-container\">\n\t\t\t\t\t<h2 class=\"elementor-heading-title elementor-size-default\">Una ciudad con trayectoria internacional en el sector MICE<\/h2>\t\t\t\t<\/div>\n\t\t\t\t<\/div>\n\t\t\t\t<div class=\"elementor-element elementor-element-1a7f616 elementor-widget elementor-widget-text-editor\" data-id=\"1a7f616\" data-element_type=\"widget\" data-e-type=\"widget\" data-widget_type=\"text-editor.default\">\n\t\t\t\t<div class=\"elementor-widget-container\">\n\t\t\t\t\t\t\t\t\t<p>Barcelona se ha consolidado como uno de los principales destinos en Europa para la organizaci\u00f3n de eventos corporativos. Su equilibrio entre tradici\u00f3n y vanguardia, su conectividad internacional y una infraestructura pensada para el mundo empresarial hacen de esta ciudad una opci\u00f3n estrat\u00e9gica para cualquier compa\u00f1\u00eda que quiera celebrar un evento memorable. Desde congresos internacionales hasta exclusivas reuniones ejecutivas o viajes de incentivo.<\/p><p><strong data-start=\"958\" data-end=\"1055\">Barcelona ofrece una combinaci\u00f3n \u00fanica de profesionalidad, creatividad y estilo mediterr\u00e1neo.<\/strong><\/p>\t\t\t\t\t\t\t\t<\/div>\n\t\t\t\t<\/div>\n\t\t\t\t<div class=\"elementor-element elementor-element-fbf2c09 elementor-widget elementor-widget-text-editor\" data-id=\"fbf2c09\" data-element_type=\"widget\" data-e-type=\"widget\" data-widget_type=\"text-editor.default\">\n\t\t\t\t<div class=\"elementor-widget-container\">\n\t\t\t\t\t\t\t\t\t<p>Barcelona no es nueva en el mundo de los grandes eventos. Desde la celebraci\u00f3n de los Juegos Ol\u00edmpicos en 1992, la ciudad se ha transformado en un referente global en la organizaci\u00f3n de congresos y reuniones empresariales. Actualmente, ocupa a\u00f1o tras a\u00f1o los primeros puestos del ranking ICCA (International Congress and Convention Association), compitiendo con ciudades como Par\u00eds, Viena o Berl\u00edn.<\/p><p data-start=\"1525\" data-end=\"1602\">Entre los eventos corporativos m\u00e1s emblem\u00e1ticos que acoge Barcelona destacan:<\/p><ul data-start=\"1604\" data-end=\"1932\"><li data-start=\"1604\" data-end=\"1687\"><p data-start=\"1606\" data-end=\"1687\"><strong data-start=\"1606\" data-end=\"1637\">Mobile World Congress (MWC)<\/strong> \u2013 El mayor evento de tecnolog\u00eda m\u00f3vil del mundo<\/p><\/li><li data-start=\"1688\" data-end=\"1751\"><p data-start=\"1690\" data-end=\"1751\"><strong data-start=\"1690\" data-end=\"1704\">IBTM World<\/strong> \u2013 Feria internacional de turismo de negocios<\/p><\/li><li data-start=\"1752\" data-end=\"1832\"><p data-start=\"1754\" data-end=\"1832\"><strong data-start=\"1754\" data-end=\"1789\">ISE (Integrated Systems Europe)<\/strong> \u2013 L\u00edder global en tecnolog\u00eda audiovisual<\/p><\/li><li data-start=\"1833\" data-end=\"1932\"><p data-start=\"1835\" data-end=\"1932\">Decenas de <strong data-start=\"1846\" data-end=\"1907\">congresos m\u00e9dicos, tecnol\u00f3gicos, financieros y acad\u00e9micos<\/strong> de alcance internacional<\/p><\/li><\/ul>\t\t\t\t\t\t\t\t<\/div>\n\t\t\t\t<\/div>\n\t\t\t\t<div class=\"elementor-element elementor-element-f779980 elementor-widget elementor-widget-heading\" data-id=\"f779980\" data-element_type=\"widget\" data-e-type=\"widget\" data-widget_type=\"heading.default\">\n\t\t\t\t<div class=\"elementor-widget-container\">\n\t\t\t\t\t<h2 class=\"elementor-heading-title elementor-size-default\">Un ecosistema ideal para eventos empresariales<\/h2>\t\t\t\t<\/div>\n\t\t\t\t<\/div>\n\t\t\t\t<div class=\"elementor-element elementor-element-7a45d2a elementor-widget elementor-widget-text-editor\" data-id=\"7a45d2a\" data-element_type=\"widget\" data-e-type=\"widget\" data-widget_type=\"text-editor.default\">\n\t\t\t\t<div class=\"elementor-widget-container\">\n\t\t\t\t\t\t\t\t\t<p data-start=\"1990\" data-end=\"2076\">Barcelona cuenta con una s\u00f3lida red de infraestructuras dise\u00f1adas para el sector MICE:<\/p><ul data-start=\"2078\" data-end=\"2472\"><li data-start=\"2078\" data-end=\"2149\"><p data-start=\"2080\" data-end=\"2149\"><strong data-start=\"2080\" data-end=\"2149\">M\u00e1s de 600 hoteles en la ciudad y 70 hoteles con salas de reuniones y servicios corporativos de gran capacidad<br \/><\/strong><\/p><\/li><li data-start=\"2150\" data-end=\"2243\"><p data-start=\"2152\" data-end=\"2243\"><strong data-start=\"2152\" data-end=\"2175\">Espacios singulares<\/strong> como palacios modernistas, museos, azoteas o f\u00e1bricas rehabilitadas<\/p><\/li><li data-start=\"2244\" data-end=\"2325\"><p data-start=\"2246\" data-end=\"2325\">Dos recintos feriales de primer nivel (Fira Barcelona Gran Via y Fira Montju\u00efc)<\/p><\/li><li data-start=\"2326\" data-end=\"2373\"><p data-start=\"2328\" data-end=\"2373\">Centro de convenciones internacionales (CCIB)<\/p><\/li><li data-start=\"2374\" data-end=\"2429\"><p data-start=\"2376\" data-end=\"2429\">Aeropuerto con conexi\u00f3n directa a m\u00e1s de 200 destinos<\/p><\/li><li data-start=\"2430\" data-end=\"2472\"><p data-start=\"2432\" data-end=\"2472\">Red de transporte \u00e1gil, moderna y segura<\/p><\/li><\/ul><p data-start=\"2474\" data-end=\"2657\">Adem\u00e1s, su clima suave durante todo el a\u00f1o y su incomparable oferta cultural, gastron\u00f3mica y de ocio convierten cualquier evento en una experiencia enriquecedora m\u00e1s all\u00e1 del trabajo.<\/p>\t\t\t\t\t\t\t\t<\/div>\n\t\t\t\t<\/div>\n\t\t\t\t<div class=\"elementor-element elementor-element-6c8d5ec elementor-widget__width-initial elementor-arrows-position-inside elementor-pagination-position-outside elementor-widget elementor-widget-image-carousel\" data-id=\"6c8d5ec\" data-element_type=\"widget\" data-e-type=\"widget\" data-settings=\"{&quot;navigation&quot;:&quot;both&quot;,&quot;autoplay&quot;:&quot;yes&quot;,&quot;pause_on_hover&quot;:&quot;yes&quot;,&quot;pause_on_interaction&quot;:&quot;yes&quot;,&quot;autoplay_speed&quot;:5000,&quot;infinite&quot;:&quot;yes&quot;,&quot;speed&quot;:500}\" data-widget_type=\"image-carousel.default\">\n\t\t\t\t<div class=\"elementor-widget-container\">\n\t\t\t\t\t\t\t<div class=\"elementor-image-carousel-wrapper swiper\" role=\"region\" aria-roledescription=\"carousel\" aria-label=\"Carrusel de im\u00e1genes\" dir=\"ltr\">\n\t\t\t<div class=\"elementor-image-carousel swiper-wrapper swiper-image-stretch\" aria-live=\"off\">\n\t\t\t\t\t\t\t\t<div class=\"swiper-slide\" role=\"group\" aria-roledescription=\"slide\" aria-label=\"1 de 6\"><figure class=\"swiper-slide-inner\"><img decoding=\"async\" class=\"swiper-slide-image\" src=\"https:\/\/www.theroofagency.es\/wp-content\/uploads\/2025\/05\/367440298.jpg\" alt=\"367440298\" \/><\/figure><\/div><div class=\"swiper-slide\" role=\"group\" aria-roledescription=\"slide\" aria-label=\"2 de 6\"><figure class=\"swiper-slide-inner\"><img decoding=\"async\" class=\"swiper-slide-image\" src=\"https:\/\/www.theroofagency.es\/wp-content\/uploads\/2025\/05\/ELEVENBCN-683x1024.jpg\" alt=\"ELEVEN+BCN\" \/><\/figure><\/div><div class=\"swiper-slide\" role=\"group\" aria-roledescription=\"slide\" aria-label=\"3 de 6\"><figure class=\"swiper-slide-inner\"><img decoding=\"async\" class=\"swiper-slide-image\" src=\"https:\/\/www.theroofagency.es\/wp-content\/uploads\/2025\/05\/HotelNobuBarcelona_CCmagazine14L-681x1024.png\" alt=\"HotelNobuBarcelona_CCmagazine14L\" \/><\/figure><\/div><div class=\"swiper-slide\" role=\"group\" aria-roledescription=\"slide\" aria-label=\"4 de 6\"><figure class=\"swiper-slide-inner\"><img decoding=\"async\" class=\"swiper-slide-image\" src=\"https:\/\/www.theroofagency.es\/wp-content\/uploads\/2025\/05\/alfons-morales-Sz4RucWOoAM-unsplash-684x1024.jpg\" alt=\"alfons-morales-Sz4RucWOoAM-unsplash\" \/><\/figure><\/div><div class=\"swiper-slide\" role=\"group\" aria-roledescription=\"slide\" aria-label=\"5 de 6\"><figure class=\"swiper-slide-inner\"><img decoding=\"async\" class=\"swiper-slide-image\" src=\"https:\/\/www.theroofagency.es\/wp-content\/uploads\/2025\/05\/image-683x1024.jpg\" alt=\"image\" \/><\/figure><\/div><div class=\"swiper-slide\" role=\"group\" aria-roledescription=\"slide\" aria-label=\"6 de 6\"><figure class=\"swiper-slide-inner\"><img decoding=\"async\" class=\"swiper-slide-image\" src=\"https:\/\/www.theroofagency.es\/wp-content\/uploads\/2025\/05\/431917890_930151242452636_8155521051703941804_n-683x1024.jpg\" alt=\"431917890_930151242452636_8155521051703941804_n\" \/><\/figure><\/div>\t\t\t<\/div>\n\t\t\t\t\t\t\t\t\t\t\t\t<div class=\"elementor-swiper-button elementor-swiper-button-prev\" role=\"button\" tabindex=\"0\">\n\t\t\t\t\t\t<svg aria-hidden=\"true\" class=\"e-font-icon-svg e-eicon-chevron-left\" viewbox=\"0 0 1000 1000\" xmlns=\"http:\/\/www.w3.org\/2000\/svg\"><path d=\"M646 125C629 125 613 133 604 142L308 442C296 454 292 471 292 487 292 504 296 521 308 533L604 854C617 867 629 875 646 875 663 875 679 871 692 858 704 846 713 829 713 812 713 796 708 779 692 767L438 487 692 225C700 217 708 204 708 187 708 171 704 154 692 142 675 129 663 125 646 125Z\"><\/path><\/svg>\t\t\t\t\t<\/div>\n\t\t\t\t\t<div class=\"elementor-swiper-button elementor-swiper-button-next\" role=\"button\" tabindex=\"0\">\n\t\t\t\t\t\t<svg aria-hidden=\"true\" class=\"e-font-icon-svg e-eicon-chevron-right\" viewbox=\"0 0 1000 1000\" xmlns=\"http:\/\/www.w3.org\/2000\/svg\"><path d=\"M696 533C708 521 713 504 713 487 713 471 708 454 696 446L400 146C388 133 375 125 354 125 338 125 325 129 313 142 300 154 292 171 292 187 292 204 296 221 308 233L563 492 304 771C292 783 288 800 288 817 288 833 296 850 308 863 321 871 338 875 354 875 371 875 388 867 400 854L696 533Z\"><\/path><\/svg>\t\t\t\t\t<\/div>\n\t\t\t\t\n\t\t\t\t\t\t\t\t\t<div class=\"swiper-pagination\"><\/div>\n\t\t\t\t\t\t\t\t\t<\/div>\n\t\t\t\t\t\t<\/div>\n\t\t\t\t<\/div>\n\t\t\t\t<div class=\"elementor-element elementor-element-eef2f7f elementor-widget elementor-widget-heading\" data-id=\"eef2f7f\" data-element_type=\"widget\" data-e-type=\"widget\" data-widget_type=\"heading.default\">\n\t\t\t\t<div class=\"elementor-widget-container\">\n\t\t\t\t\t<h2 class=\"elementor-heading-title elementor-size-default\">Tendencias actuales en eventos corporativos en Barcelona<\/h2>\t\t\t\t<\/div>\n\t\t\t\t<\/div>\n\t\t\t\t<div class=\"elementor-element elementor-element-e539f90 elementor-widget elementor-widget-text-editor\" data-id=\"e539f90\" data-element_type=\"widget\" data-e-type=\"widget\" data-widget_type=\"text-editor.default\">\n\t\t\t\t<div class=\"elementor-widget-container\">\n\t\t\t\t\t\t\t\t\t<p data-start=\"2725\" data-end=\"2941\">Las empresas que eligen Barcelona para sus eventos corporativos buscan algo m\u00e1s que una simple reuni\u00f3n:<br data-start=\"2828\" data-end=\"2831\" \/><strong data-start=\"2831\" data-end=\"2879\">quieren sorprender, conectar y dejar huella.<\/strong> Algunas tendencias actuales que reflejan esta transformaci\u00f3n:<\/p><ul data-start=\"2943\" data-end=\"3459\"><li data-start=\"2943\" data-end=\"3036\"><p data-start=\"2945\" data-end=\"3036\"><strong data-start=\"2945\" data-end=\"2978\">Eventos h\u00edbridos y virtuales:<\/strong> combinando asistentes presenciales con audiencia online<\/p><\/li><li data-start=\"3037\" data-end=\"3107\"><p data-start=\"3039\" data-end=\"3107\"><strong data-start=\"3039\" data-end=\"3079\">Espacios al aire libre y sostenibles<\/strong>, como rooftops y jardines<\/p><\/li><li data-start=\"3108\" data-end=\"3174\"><p data-start=\"3110\" data-end=\"3174\"><strong data-start=\"3110\" data-end=\"3172\">Actividades de team building con impacto social o cultural<\/strong><\/p><\/li><li data-start=\"3175\" data-end=\"3265\"><p data-start=\"3177\" data-end=\"3265\"><strong data-start=\"3177\" data-end=\"3222\">Experiencias gastron\u00f3micas personalizadas<\/strong> (chef privados, maridajes, showcookings)<\/p><\/li><li data-start=\"3266\" data-end=\"3356\"><p data-start=\"3268\" data-end=\"3356\"><strong data-start=\"3268\" data-end=\"3302\">Eventos con narrativa de marca<\/strong>, donde el storytelling se convierte en protagonista<\/p><\/li><li data-start=\"3357\" data-end=\"3459\"><p data-start=\"3359\" data-end=\"3459\"><strong data-start=\"3359\" data-end=\"3396\">Incentivos con actividades \u00fanicas<\/strong>: navegaci\u00f3n, rutas en vespa, catas de vino o escapes urbanos<\/p><\/li><\/ul><p data-start=\"3461\" data-end=\"3556\">Barcelona, con su estilo relajado pero profesional, es el lugar ideal para hacer esto realidad.<\/p>\t\t\t\t\t\t\t\t<\/div>\n\t\t\t\t<\/div>\n\t\t\t\t<div class=\"elementor-element elementor-element-0e0c92f elementor-widget elementor-widget-heading\" data-id=\"0e0c92f\" data-element_type=\"widget\" data-e-type=\"widget\" data-widget_type=\"heading.default\">\n\t\t\t\t<div class=\"elementor-widget-container\">\n\t\t\t\t\t<h2 class=\"elementor-heading-title elementor-size-default\">\u00bfQu\u00e9 podemos hacer por tu empresa?<\/h2>\t\t\t\t<\/div>\n\t\t\t\t<\/div>\n\t\t\t\t<div class=\"elementor-element elementor-element-a113fa4 elementor-widget elementor-widget-text-editor\" data-id=\"a113fa4\" data-element_type=\"widget\" data-e-type=\"widget\" data-widget_type=\"text-editor.default\">\n\t\t\t\t<div class=\"elementor-widget-container\">\n\t\t\t\t\t\t\t\t\t<p data-start=\"3602\" data-end=\"3874\">In <strong data-start=\"3605\" data-end=\"3624\">The Roof Agency<\/strong> somos especialistas en transformar ideas corporativas en experiencias \u00fanicas. Dise\u00f1amos, producimos y coordinamos eventos para empresas nacionales e internacionales. Desde cenas de empresa, aniversarios, presentaciones de productos, activaciones de marcas, afterworks corporativos hasta conferencias, cenas de navidad fiestas de verano&#8230; Nos ocup\u00e1mos de todos los detalles, desde la creatividad hasta la ejecuci\u00f3n t\u00e9cnica.<\/p><p data-start=\"3876\" data-end=\"4114\">Trabajamos en varios idiomas entendemos las necesidades y ritmos de trabajo de equipos internacionales.<br data-start=\"4003\" data-end=\"4006\" \/>Tu equipo, clientes o socios vivir\u00e1n un evento profesional, cuidado y alineado con tu identidad corporativa.<\/p>\t\t\t\t\t\t\t\t<\/div>\n\t\t\t\t<\/div>\n\t\t\t\t\t<\/div>\n\t\t\t\t<\/div>\n\t\t<div class=\"elementor-element elementor-element-08f043e e-flex e-con-boxed e-con e-parent\" data-id=\"08f043e\" data-element_type=\"container\" data-e-type=\"container\">\n\t\t\t\t\t<div class=\"e-con-inner\">\n\t\t\t\t<div class=\"elementor-element elementor-element-7ddc373 elementor-align-center elementor-widget elementor-widget-button\" data-id=\"7ddc373\" data-element_type=\"widget\" data-e-type=\"widget\" data-widget_type=\"button.default\">\n\t\t\t\t<div class=\"elementor-widget-container\">\n\t\t\t\t\t\t\t\t\t<div class=\"elementor-button-wrapper\">\n\t\t\t\t\t<a class=\"elementor-button elementor-button-link elementor-size-sm\" href=\"https:\/\/www.theroofagency.es\/en\/contacto\/\">\n\t\t\t\t\t\t<span class=\"elementor-button-content-wrapper\">\n\t\t\t\t\t\t\t\t\t<span class=\"elementor-button-text\">Organizamos tu evento corporativo en Barcelona<\/span>\n\t\t\t\t\t<\/span>\n\t\t\t\t\t<\/a>\n\t\t\t\t<\/div>\n\t\t\t\t\t\t\t\t<\/div>\n\t\t\t\t<\/div>\n\t\t\t\t\t<\/div>\n\t\t\t\t<\/div>\n\t\t\t\t<\/div>","protected":false},"excerpt":{"rendered":"<p>eventos corporativos en barcelona La ciudad perfecta para impulsar tus ideas Barcelona se ha consolidado como uno de los principales [&hellip;]<\/p>\n","protected":false},"author":1,"featured_media":467,"parent":0,"menu_order":0,"comment_status":"closed","ping_status":"closed","template":"","meta":{"content-type":"","site-sidebar-layout":"no-sidebar","site-content-layout":"","ast-site-content-layout":"full-width-container","site-content-style":"default","site-sidebar-style":"default","ast-global-header-display":"","ast-banner-title-visibility":"","ast-main-header-display":"","ast-hfb-above-header-display":"","ast-hfb-below-header-display":"","ast-hfb-mobile-header-display":"","site-post-title":"disabled","ast-breadcrumbs-content":"","ast-featured-img":"disabled","footer-sml-layout":"","ast-disable-related-posts":"","theme-transparent-header-meta":"","adv-header-id-meta":"","stick-header-meta":"","header-above-stick-meta":"","header-main-stick-meta":"","header-below-stick-meta":"","astra-migrate-meta-layouts":"default","ast-page-background-enabled":"default","ast-page-background-meta":{"desktop":{"background-color":"var(--ast-global-color-5)","background-image":"","background-repeat":"repeat","background-position":"center center","background-size":"auto","background-attachment":"scroll","background-type":"","background-media":"","overlay-type":"","overlay-color":"","overlay-opacity":"","overlay-gradient":""},"tablet":{"background-color":"","background-image":"","background-repeat":"repeat","background-position":"center center","background-size":"auto","background-attachment":"scroll","background-type":"","background-media":"","overlay-type":"","overlay-color":"","overlay-opacity":"","overlay-gradient":""},"mobile":{"background-color":"","background-image":"","background-repeat":"repeat","background-position":"center center","background-size":"auto","background-attachment":"scroll","background-type":"","background-media":"","overlay-type":"","overlay-color":"","overlay-opacity":"","overlay-gradient":""}},"ast-content-background-meta":{"desktop":{"background-color":"var(--ast-global-color-4)","background-image":"","background-repeat":"repeat","background-position":"center center","background-size":"auto","background-attachment":"scroll","background-type":"","background-media":"","overlay-type":"","overlay-color":"","overlay-opacity":"","overlay-gradient":""},"tablet":{"background-color":"var(--ast-global-color-4)","background-image":"","background-repeat":"repeat","background-position":"center center","background-size":"auto","background-attachment":"scroll","background-type":"","background-media":"","overlay-type":"","overlay-color":"","overlay-opacity":"","overlay-gradient":""},"mobile":{"background-color":"var(--ast-global-color-4)","background-image":"","background-repeat":"repeat","background-position":"center center","background-size":"auto","background-attachment":"scroll","background-type":"","background-media":"","overlay-type":"","overlay-color":"","overlay-opacity":"","overlay-gradient":""}},"footnotes":""},"class_list":["post-1201","page","type-page","status-publish","has-post-thumbnail","hentry"],"_links":{"self":[{"href":"https:\/\/www.theroofagency.es\/en\/wp-json\/wp\/v2\/pages\/1201","targetHints":{"allow":["GET"]}}],"collection":[{"href":"https:\/\/www.theroofagency.es\/en\/wp-json\/wp\/v2\/pages"}],"about":[{"href":"https:\/\/www.theroofagency.es\/en\/wp-json\/wp\/v2\/types\/page"}],"author":[{"embeddable":true,"href":"https:\/\/www.theroofagency.es\/en\/wp-json\/wp\/v2\/users\/1"}],"replies":[{"embeddable":true,"href":"https:\/\/www.theroofagency.es\/en\/wp-json\/wp\/v2\/comments?post=1201"}],"version-history":[{"count":25,"href":"https:\/\/www.theroofagency.es\/en\/wp-json\/wp\/v2\/pages\/1201\/revisions"}],"predecessor-version":[{"id":1587,"href":"https:\/\/www.theroofagency.es\/en\/wp-json\/wp\/v2\/pages\/1201\/revisions\/1587"}],"wp:featuredmedia":[{"embeddable":true,"href":"https:\/\/www.theroofagency.es\/en\/wp-json\/wp\/v2\/media\/467"}],"wp:attachment":[{"href":"https:\/\/www.theroofagency.es\/en\/wp-json\/wp\/v2\/media?parent=1201"}],"curies":[{"name":"wp","href":"https:\/\/api.w.org\/{rel}","templated":true}]}}