{"id":167,"date":"2025-02-18T08:03:58","date_gmt":"2025-02-18T08:03:58","guid":{"rendered":"https:\/\/www.theroofagency.es\/?page_id=167"},"modified":"2025-07-09T12:22:01","modified_gmt":"2025-07-09T12:22:01","slug":"cookies","status":"publish","type":"page","link":"https:\/\/www.theroofagency.es\/en\/cookies\/","title":{"rendered":"Cookies Policy"},"content":{"rendered":"<div data-elementor-type=\"wp-page\" data-elementor-id=\"167\" class=\"elementor elementor-167\">\n\t\t\t\t<div class=\"elementor-element elementor-element-186547e e-flex e-con-boxed e-con e-parent\" data-id=\"186547e\" data-element_type=\"container\" data-e-type=\"container\">\n\t\t\t\t\t<div class=\"e-con-inner\">\n\t\t\t\t<div class=\"elementor-element elementor-element-bda19b4 elementor-widget elementor-widget-text-editor\" data-id=\"bda19b4\" data-element_type=\"widget\" data-e-type=\"widget\" data-widget_type=\"text-editor.default\">\n\t\t\t\t<div class=\"elementor-widget-container\">\n\t\t\t\t\t\t\t\t\t<h2 data-start=\"401\" data-end=\"443\">\u00a0\u00a0\u00a0 Cookies Policy<\/h2><p>\u00a0<\/p><h3 data-start=\"445\" data-end=\"473\">1. \u00bfQu\u00e9 son las cookies?<\/h3><p data-start=\"475\" data-end=\"811\">Las cookies son peque\u00f1os archivos que se descargan en tu dispositivo al acceder a determinadas p\u00e1ginas web. Permiten a una web, entre otras cosas, almacenar y recuperar informaci\u00f3n sobre tus h\u00e1bitos de navegaci\u00f3n y, dependiendo de la informaci\u00f3n que contengan y de la forma en que utilices tu equipo, pueden utilizarse para reconocerte.<\/p><h3 data-start=\"813\" data-end=\"841\">2. Legislaci\u00f3n aplicable<\/h3><p data-start=\"843\" data-end=\"921\">Esta pol\u00edtica se adapta a la legislaci\u00f3n de la Uni\u00f3n Europea, en particular a:<\/p><ul data-start=\"923\" data-end=\"1165\"><li data-start=\"923\" data-end=\"963\"><p data-start=\"925\" data-end=\"963\">El <strong data-start=\"928\" data-end=\"956\">Reglamento (UE) 2016\/679<\/strong> (RGPD)<\/p><\/li><li data-start=\"964\" data-end=\"1063\"><p data-start=\"966\" data-end=\"1063\">La <strong data-start=\"969\" data-end=\"993\">Directiva 2002\/58\/CE<\/strong> (modificada por la 2009\/136\/CE), conocida como <strong data-start=\"1041\" data-end=\"1063\">Directiva ePrivacy<\/strong><\/p><\/li><li data-start=\"1064\" data-end=\"1165\"><p data-start=\"1066\" data-end=\"1165\">La <strong data-start=\"1069\" data-end=\"1155\">Ley de Servicios de la Sociedad de la Informaci\u00f3n y Comercio Electr\u00f3nico (LSSI-CE)<\/strong> en Espa\u00f1a<\/p><\/li><\/ul><h3 data-start=\"1167\" data-end=\"1219\">3. Tipos de cookies utilizadas en este sitio web<\/h3><h4 data-start=\"1221\" data-end=\"1260\">a) Cookies t\u00e9cnicas (necesarias)<\/h4><p data-start=\"1261\" data-end=\"1469\">Estas cookies son esenciales para que el sitio web funcione correctamente y no requieren consentimiento. Permiten funciones b\u00e1sicas como la navegaci\u00f3n, la seguridad y la gesti\u00f3n del consentimiento de cookies.<\/p><h4 data-start=\"1471\" data-end=\"1511\">b) Cookies de an\u00e1lisis o medici\u00f3n<\/h4><p data-start=\"1512\" data-end=\"1728\">Utilizamos herramientas como <strong data-start=\"1541\" data-end=\"1561\">Google Analytics<\/strong> and <strong data-start=\"1564\" data-end=\"1575\">HubSpot<\/strong> para analizar el comportamiento de los usuarios en el sitio web y mejorar nuestros servicios. Estas cookies solo se instalar\u00e1n si das tu consentimiento.<\/p><h4 data-start=\"1730\" data-end=\"1773\">c) Cookies de marketing y publicidad<\/h4><p data-start=\"1774\" data-end=\"2020\">Usamos <strong data-start=\"1781\" data-end=\"1806\">Meta Pixel (Facebook)<\/strong>, <strong data-start=\"1808\" data-end=\"1821\">Mailchimp<\/strong> and <strong data-start=\"1824\" data-end=\"1835\">HubSpot<\/strong> para mostrarte anuncios relevantes basados en tus intereses, medir el rendimiento de nuestras campa\u00f1as y realizar remarketing. Estas cookies tambi\u00e9n requieren tu consentimiento previo.<\/p><hr data-start=\"2022\" data-end=\"2025\" \/><h3 data-start=\"2027\" data-end=\"2064\">4. Cookies de terceros utilizadas<\/h3><div class=\"_tableContainer_80l1q_1\"><div class=\"_tableWrapper_80l1q_14 group flex w-fit flex-col-reverse\" tabindex=\"-1\"><table class=\"w-fit min-w-(--thread-content-width)\" data-start=\"2066\" data-end=\"3030\"><thead data-start=\"2066\" data-end=\"2223\"><tr data-start=\"2066\" data-end=\"2223\"><th data-start=\"2066\" data-end=\"2087\" data-col-size=\"sm\">Servicio<\/th><th data-start=\"2087\" data-end=\"2135\" data-col-size=\"md\">Finalidad<\/th><th data-start=\"2135\" data-end=\"2161\" data-col-size=\"sm\">Tipo de cookie<\/th><th data-start=\"2161\" data-end=\"2223\" data-col-size=\"sm\">Pol\u00edtica de privacidad<\/th><\/tr><\/thead><tbody data-start=\"2384\" data-end=\"3030\"><tr data-start=\"2384\" data-end=\"2543\"><td data-start=\"2384\" data-end=\"2405\" data-col-size=\"sm\">Google Analytics<\/td><td data-col-size=\"md\" data-start=\"2405\" data-end=\"2453\">An\u00e1lisis de tr\u00e1fico y comportamiento web<\/td><td data-col-size=\"sm\" data-start=\"2453\" data-end=\"2480\">An\u00e1lisis<\/td><td data-col-size=\"sm\" data-start=\"2480\" data-end=\"2543\"><a class=\"cursor-pointer\" target=\"_new\" rel=\"noopener\" data-start=\"2482\" data-end=\"2533\">Ver pol\u00edtica<\/a><\/td><\/tr><tr data-start=\"2544\" data-end=\"2709\"><td data-start=\"2544\" data-end=\"2565\" data-col-size=\"sm\">HubSpot<\/td><td data-col-size=\"md\" data-start=\"2565\" data-end=\"2613\">CRM, seguimiento de formularios y navegaci\u00f3n<\/td><td data-col-size=\"sm\" data-start=\"2613\" data-end=\"2647\">Funcional, an\u00e1lisis y marketing<\/td><td data-col-size=\"sm\" data-start=\"2647\" data-end=\"2709\"><a class=\"\" href=\"https:\/\/legal.hubspot.com\/cookie-policy\" target=\"_new\" rel=\"noopener\" data-start=\"2649\" data-end=\"2704\">Ver pol\u00edtica<\/a><\/td><\/tr><tr data-start=\"2710\" data-end=\"2869\"><td data-start=\"2710\" data-end=\"2731\" data-col-size=\"sm\">Mailchimp<\/td><td data-col-size=\"md\" data-start=\"2731\" data-end=\"2779\">Seguimiento de campa\u00f1as de email marketing<\/td><td data-col-size=\"sm\" data-start=\"2779\" data-end=\"2806\">Marketing<\/td><td data-col-size=\"sm\" data-start=\"2806\" data-end=\"2869\"><a class=\"cursor-pointer\" target=\"_new\" rel=\"noopener\" data-start=\"2808\" data-end=\"2860\">Ver pol\u00edtica<\/a><\/td><\/tr><tr data-start=\"2870\" data-end=\"3030\"><td data-start=\"2870\" data-end=\"2891\" data-col-size=\"sm\">Meta (Facebook)<\/td><td data-col-size=\"md\" data-start=\"2891\" data-end=\"2940\">Remarketing y anuncios personalizados<\/td><td data-col-size=\"sm\" data-start=\"2940\" data-end=\"2967\">Publicidad<\/td><td data-col-size=\"sm\" data-start=\"2967\" data-end=\"3030\"><a class=\"\" href=\"https:\/\/www.facebook.com\/policies\/cookies\/\" target=\"_new\" rel=\"noopener\" data-start=\"2969\" data-end=\"3027\">Ver pol\u00edtica<\/a><\/td><\/tr><\/tbody><\/table><\/div><\/div>\t\t\t\t\t\t\t\t<\/div>\n\t\t\t\t<\/div>\n\t\t\t\t\t<\/div>\n\t\t\t\t<\/div>\n\t\t<div class=\"elementor-element elementor-element-07aac89 e-flex e-con-boxed e-con e-parent\" data-id=\"07aac89\" data-element_type=\"container\" data-e-type=\"container\">\n\t\t\t\t\t<div class=\"e-con-inner\">\n\t\t\t\t<div class=\"elementor-element elementor-element-bf11ead elementor-widget elementor-widget-text-editor\" data-id=\"bf11ead\" data-element_type=\"widget\" data-e-type=\"widget\" data-widget_type=\"text-editor.default\">\n\t\t\t\t<div class=\"elementor-widget-container\">\n\t\t\t\t\t\t\t\t\t<h3 data-start=\"3037\" data-end=\"3090\">5. \u00bfC\u00f3mo puedes gestionar o rechazar las cookies?<\/h3><p data-start=\"3092\" data-end=\"3200\">Cuando accedes por primera vez a nuestra web, te mostramos un <strong data-start=\"3154\" data-end=\"3182\">banner de consentimiento<\/strong> en el que puedes:<\/p><ul data-start=\"3202\" data-end=\"3320\"><li data-start=\"3202\" data-end=\"3229\"><p data-start=\"3204\" data-end=\"3229\">Aceptar todas las cookies<\/p><\/li><li data-start=\"3230\" data-end=\"3272\"><p data-start=\"3232\" data-end=\"3272\">Rechazar todas las cookies no necesarias<\/p><\/li><li data-start=\"3273\" data-end=\"3320\"><p data-start=\"3275\" data-end=\"3320\">Configurar tus preferencias de forma granular<\/p><\/li><\/ul><p data-start=\"3322\" data-end=\"3465\">Tambi\u00e9n puedes modificar tus preferencias o retirar el consentimiento en cualquier momento desde nuestro <strong data-start=\"3427\" data-end=\"3464\">panel de configuraci\u00f3n de cookies<\/strong>.<\/p><p data-start=\"3467\" data-end=\"3543\">Adem\u00e1s, puedes gestionar las cookies desde la configuraci\u00f3n de tu navegador:<\/p><ul data-start=\"3545\" data-end=\"3855\"><li data-start=\"3545\" data-end=\"3616\"><p data-start=\"3547\" data-end=\"3616\"><a class=\"cursor-pointer\" target=\"_new\" rel=\"noopener\" data-start=\"3547\" data-end=\"3616\">Google Chrome<\/a><\/p><\/li><li data-start=\"3617\" data-end=\"3715\"><p data-start=\"3619\" data-end=\"3715\"><a class=\"\" href=\"https:\/\/support.mozilla.org\/es\/kb\/habilitar-y-deshabilitar-cookies-sitios-web\" target=\"_new\" rel=\"noopener\" data-start=\"3619\" data-end=\"3715\">Mozilla Firefox<\/a><\/p><\/li><li data-start=\"3716\" data-end=\"3786\"><p data-start=\"3718\" data-end=\"3786\"><a class=\"\" href=\"https:\/\/support.apple.com\/es-es\/guide\/safari\/sfri11471\/mac\" target=\"_new\" rel=\"noopener\" data-start=\"3718\" data-end=\"3786\">Safari<\/a><\/p><\/li><li data-start=\"3787\" data-end=\"3855\"><p data-start=\"3789\" data-end=\"3855\"><a class=\"\" href=\"https:\/\/support.microsoft.com\/es-es\/help\/4027947\" target=\"_new\" rel=\"noopener\" data-start=\"3789\" data-end=\"3855\">Microsoft Edge<\/a><\/p><\/li><\/ul><hr data-start=\"3857\" data-end=\"3860\" \/><h3 data-start=\"3862\" data-end=\"3894\">6. Conservaci\u00f3n de los datos<\/h3><p data-start=\"3896\" data-end=\"4041\">Los datos obtenidos a trav\u00e9s del uso de cookies se conservar\u00e1n durante un plazo m\u00e1ximo de <strong data-start=\"3986\" data-end=\"3998\">13 meses<\/strong>, en cumplimiento con la normativa europea.<\/p><hr data-start=\"4043\" data-end=\"4046\" \/><h3 data-start=\"4048\" data-end=\"4094\">7. Actualizaci\u00f3n de la pol\u00edtica de cookies<\/h3><p data-start=\"4096\" data-end=\"4251\">Nos reservamos el derecho a modificar esta pol\u00edtica para adaptarla a futuras novedades legislativas o t\u00e9cnicas. Te recomendamos consultarla peri\u00f3dicamente.<\/p><p data-start=\"4253\" data-end=\"4292\"><strong data-start=\"4253\" data-end=\"4278\">\u00daltima actualizaci\u00f3n:<\/strong> julio de 2025<\/p>\t\t\t\t\t\t\t\t<\/div>\n\t\t\t\t<\/div>\n\t\t\t\t\t<\/div>\n\t\t\t\t<\/div>\n\t\t\t\t<\/div>","protected":false},"excerpt":{"rendered":"<p>\u00a0\u00a0\u00a0 Pol\u00edtica de Cookies \u00a0 1. \u00bfQu\u00e9 son las cookies? Las cookies son peque\u00f1os archivos que se descargan en tu [&hellip;]<\/p>\n","protected":false},"author":1,"featured_media":0,"parent":0,"menu_order":0,"comment_status":"closed","ping_status":"closed","template":"","meta":{"content-type":"","site-sidebar-layout":"no-sidebar","site-content-layout":"","ast-site-content-layout":"full-width-container","site-content-style":"default","site-sidebar-style":"default","ast-global-header-display":"","ast-banner-title-visibility":"","ast-main-header-display":"","ast-hfb-above-header-display":"","ast-hfb-below-header-display":"","ast-hfb-mobile-header-display":"","site-post-title":"disabled","ast-breadcrumbs-content":"","ast-featured-img":"disabled","footer-sml-layout":"","ast-disable-related-posts":"","theme-transparent-header-meta":"","adv-header-id-meta":"","stick-header-meta":"","header-above-stick-meta":"","header-main-stick-meta":"","header-below-stick-meta":"","astra-migrate-meta-layouts":"default","ast-page-background-enabled":"default","ast-page-background-meta":{"desktop":{"background-color":"var(--ast-global-color-5)","background-image":"","background-repeat":"repeat","background-position":"center center","background-size":"auto","background-attachment":"scroll","background-type":"","background-media":"","overlay-type":"","overlay-color":"","overlay-opacity":"","overlay-gradient":""},"tablet":{"background-color":"","background-image":"","background-repeat":"repeat","background-position":"center center","background-size":"auto","background-attachment":"scroll","background-type":"","background-media":"","overlay-type":"","overlay-color":"","overlay-opacity":"","overlay-gradient":""},"mobile":{"background-color":"","background-image":"","background-repeat":"repeat","background-position":"center center","background-size":"auto","background-attachment":"scroll","background-type":"","background-media":"","overlay-type":"","overlay-color":"","overlay-opacity":"","overlay-gradient":""}},"ast-content-background-meta":{"desktop":{"background-color":"var(--ast-global-color-4)","background-image":"","background-repeat":"repeat","background-position":"center center","background-size":"auto","background-attachment":"scroll","background-type":"","background-media":"","overlay-type":"","overlay-color":"","overlay-opacity":"","overlay-gradient":""},"tablet":{"background-color":"var(--ast-global-color-4)","background-image":"","background-repeat":"repeat","background-position":"center center","background-size":"auto","background-attachment":"scroll","background-type":"","background-media":"","overlay-type":"","overlay-color":"","overlay-opacity":"","overlay-gradient":""},"mobile":{"background-color":"var(--ast-global-color-4)","background-image":"","background-repeat":"repeat","background-position":"center center","background-size":"auto","background-attachment":"scroll","background-type":"","background-media":"","overlay-type":"","overlay-color":"","overlay-opacity":"","overlay-gradient":""}},"footnotes":""},"class_list":["post-167","page","type-page","status-publish","hentry"],"_links":{"self":[{"href":"https:\/\/www.theroofagency.es\/en\/wp-json\/wp\/v2\/pages\/167","targetHints":{"allow":["GET"]}}],"collection":[{"href":"https:\/\/www.theroofagency.es\/en\/wp-json\/wp\/v2\/pages"}],"about":[{"href":"https:\/\/www.theroofagency.es\/en\/wp-json\/wp\/v2\/types\/page"}],"author":[{"embeddable":true,"href":"https:\/\/www.theroofagency.es\/en\/wp-json\/wp\/v2\/users\/1"}],"replies":[{"embeddable":true,"href":"https:\/\/www.theroofagency.es\/en\/wp-json\/wp\/v2\/comments?post=167"}],"version-history":[{"count":4,"href":"https:\/\/www.theroofagency.es\/en\/wp-json\/wp\/v2\/pages\/167\/revisions"}],"predecessor-version":[{"id":1196,"href":"https:\/\/www.theroofagency.es\/en\/wp-json\/wp\/v2\/pages\/167\/revisions\/1196"}],"wp:attachment":[{"href":"https:\/\/www.theroofagency.es\/en\/wp-json\/wp\/v2\/media?parent=167"}],"curies":[{"name":"wp","href":"https:\/\/api.w.org\/{rel}","templated":true}]}}